{"id":117,"date":"2021-06-05T21:20:32","date_gmt":"2021-06-05T19:20:32","guid":{"rendered":"http:\/\/mycologiebotaniquesaintpierredechandieu.fr\/?page_id=117"},"modified":"2025-10-02T07:18:59","modified_gmt":"2025-10-02T05:18:59","slug":"le-calendrier-de-lassociation","status":"publish","type":"page","link":"https:\/\/mycologiebotaniquesaintpierredechandieu.fr\/index.php\/groupe-mycologique-de-saint-pierre-de-chandieu\/le-calendrier-de-lassociation\/","title":{"rendered":"Le calendrier de l&rsquo;association"},"content":{"rendered":"\n<p><strong><mark style=\"background-color:rgba(0, 0, 0, 0)\" class=\"has-inline-color has-accent-2-color\">L&rsquo;association propose <\/mark><\/strong><mark style=\"background-color:rgba(0, 0, 0, 0)\" class=\"has-inline-color has-accent-2-color\">des programmations de sorties natures qu&rsquo;elles soient botaniques ou mycologiques<\/mark><strong><mark style=\"background-color:rgba(0, 0, 0, 0)\" class=\"has-inline-color has-accent-2-color\"> <\/mark><\/strong>plut\u00f4t courant de l&rsquo;automne prochain et selon la m\u00e9t\u00e9orologie. Ces sorties ont un but de partage des connaissances et de formation des adh\u00e9rents. Elles sont aussi toujours un plaisir de se retrouver ensemble, au grand air et dans la bonne humeur. Pour ce printemps, ce sont plus des r\u00e9unions \u00e0 caract\u00e8re amical de vie de l&rsquo;association.<\/p>\n\n\n\n<p>Sinon, chaque lundi soir, a lieu soit une soir\u00e9e de cours mycologique et \/ ou de d\u00e9termination des champignons ramass\u00e9s durant la semaine.<\/p>\n\n\n\n<figure class=\"wp-block-table is-style-regular\"><table><tbody><tr><td class=\"has-text-align-center\" data-align=\"center\"><strong>Date<\/strong><\/td><td class=\"has-text-align-center\" data-align=\"center\"><strong>Lieu<\/strong><\/td><td><strong>Description<\/strong><\/td><td><\/td><\/tr><tr><td class=\"has-text-align-center\" data-align=\"center\">16\/09\/2023<\/td><td class=\"has-text-align-center\" data-align=\"center\">Groupe scolaire de Saint Pierre de Chandieu<\/td><td><a href=\"https:\/\/mycologiebotaniquesaintpierredechandieu.fr\/index.php\/2023\/10\/15\/journee-mondiale-du-nettoyage-de-la-planette-le-16-09-2023\/\" data-type=\"link\" data-id=\"https:\/\/mycologiebotaniquesaintpierredechandieu.fr\/index.php\/2023\/10\/15\/journee-mondiale-du-nettoyage-de-la-planette-le-16-09-2023\/\">Journ\u00e9e du nettoyage de la planette \u00e0 Saint Pierre de Chandieu<\/a><\/td><td><\/td><\/tr><tr><td class=\"has-text-align-center\" data-align=\"center\"><strong>23 et 24\/09\/2023<\/strong><\/td><td class=\"has-text-align-center\" data-align=\"center\">Site d&rsquo;All\u00e8gre (haute loire)<br>les tilleuls Saint Martin<\/td><td><a href=\"https:\/\/mycologiebotaniquesaintpierredechandieu.fr\/index.php\/2023\/10\/09\/sortie-week-end-mycologique-2023-a-allegre\/\" data-type=\"link\" data-id=\"https:\/\/mycologiebotaniquesaintpierredechandieu.fr\/index.php\/2023\/10\/09\/sortie-week-end-mycologique-2023-a-allegre\/\">Sortie Week end mycologique<\/a><\/td><td><\/td><\/tr><tr><td class=\"has-text-align-center\" data-align=\"center\">07\/09\/2024<\/td><td class=\"has-text-align-center\" data-align=\"center\">Saint Pierre de Chandieu<\/td><td><a href=\"https:\/\/mycologiebotaniquesaintpierredechandieu.fr\/wp-admin\/post.php?post=585&amp;action=edit\" data-type=\"link\" data-id=\"https:\/\/mycologiebotaniquesaintpierredechandieu.fr\/wp-admin\/post.php?post=585&amp;action=edit\">participation au forum des associations de Saint Pierre de Chandieu<\/a><\/td><td><\/td><\/tr><tr><td class=\"has-text-align-center\" data-align=\"center\">27\/09\/2024 au 29\/09\/2024<\/td><td class=\"has-text-align-center\" data-align=\"center\">Les Rousses<\/td><td><a href=\"https:\/\/mycologiebotaniquesaintpierredechandieu.fr\/index.php\/2024\/10\/07\/week-end-mycologique-aux-rousses-septembre-2024\/\" data-type=\"link\" data-id=\"https:\/\/mycologiebotaniquesaintpierredechandieu.fr\/index.php\/2024\/10\/07\/week-end-mycologique-aux-rousses-septembre-2024\/\">Sortie WE du club de Champignons : Une manifestation sous de tr\u00e8s bonnes augures de la m\u00e9t\u00e9o !<\/a><\/td><td><\/td><\/tr><tr><td class=\"has-text-align-center\" data-align=\"center\">19 et 20 octobre 2024<\/td><td class=\"has-text-align-center\" data-align=\"center\">Salle Marcelle Genin \u00e0 Saint-Pierre-de-Chandieu<\/td><td><a href=\"https:\/\/mycologiebotaniquesaintpierredechandieu.fr\/index.php\/2024\/12\/09\/exposition-mycologique-des-19-et-20-octobre-2024-salle-marcelle-genin-a-saint-pierre-de-chandieu\/\" data-type=\"link\" data-id=\"https:\/\/mycologiebotaniquesaintpierredechandieu.fr\/index.php\/2024\/12\/09\/exposition-mycologique-des-19-et-20-octobre-2024-salle-marcelle-genin-a-saint-pierre-de-chandieu\/\">Exposition mycologique 2024<\/a><\/td><td><\/td><\/tr><tr><td class=\"has-text-align-center\" data-align=\"center\">06\/09\/2025<\/td><td class=\"has-text-align-center\" data-align=\"center\">Gymnase de Saint Pierre de Chandieu<\/td><td>Forump des associations<\/td><td><\/td><\/tr><tr><td class=\"has-text-align-center\" data-align=\"center\">27 et 28\/09\/2025<\/td><td class=\"has-text-align-center\" data-align=\"center\">Autrans<\/td><td><a href=\"https:\/\/mycologiebotaniquesaintpierredechandieu.fr\/index.php\/2025\/10\/02\/un-superbe-week-end-mycologique-les-27-et-28-09-2025\/\" data-type=\"link\" data-id=\"https:\/\/mycologiebotaniquesaintpierredechandieu.fr\/index.php\/2025\/10\/02\/un-superbe-week-end-mycologique-les-27-et-28-09-2025\/\">Sortie WE champignon du club \u00e0 Autrans<\/a><\/td><td><\/td><\/tr><tr><td class=\"has-text-align-center\" data-align=\"center\">29\/09\/2025<\/td><td class=\"has-text-align-center\" data-align=\"center\">Salle Marcelle Genin \u00e0 Saint-Pierre-de-Chandieu<\/td><td>F\u00eate des anniversaires du trimestre au club<\/td><td><\/td><\/tr><tr><td class=\"has-text-align-center\" data-align=\"center\">08\/11\/2025<\/td><td class=\"has-text-align-center\" data-align=\"center\">Place du March\u00e9 de Saint Pierre de Chandieu<\/td><td>Exposition mycologique sur la place du march\u00e9 de Saint Pierre<\/td><td><\/td><\/tr><tr><td class=\"has-text-align-center\" data-align=\"center\">24\/11\/2025<\/td><td class=\"has-text-align-center\" data-align=\"center\"><br>Salle Marcelle Genin \u00e0 Saint-Pierre-de-Chandieu<\/td><td>Soir\u00e9e festive au club \u00a0\u00bb Beaujolais\u00a0\u00bb<\/td><td><\/td><\/tr><\/tbody><\/table><\/figure>\n\n\n\n<p><\/p>\n","protected":false},"excerpt":{"rendered":"<p>L&rsquo;association propose des programmations de sorties natures qu&rsquo;elles soient botaniques ou mycologiques plut\u00f4t courant de l&rsquo;automne prochain et selon la m\u00e9t\u00e9orologie. Ces sorties ont un but de partage des connaissances et de formation des adh\u00e9rents. Elles sont aussi toujours &hellip;<\/p>\n","protected":false},"author":1,"featured_media":0,"parent":33,"menu_order":2,"comment_status":"closed","ping_status":"closed","template":"","meta":{"footnotes":""},"class_list":["post-117","page","type-page","status-publish","hentry"],"_links":{"self":[{"href":"https:\/\/mycologiebotaniquesaintpierredechandieu.fr\/index.php\/wp-json\/wp\/v2\/pages\/117","targetHints":{"allow":["GET"]}}],"collection":[{"href":"https:\/\/mycologiebotaniquesaintpierredechandieu.fr\/index.php\/wp-json\/wp\/v2\/pages"}],"about":[{"href":"https:\/\/mycologiebotaniquesaintpierredechandieu.fr\/index.php\/wp-json\/wp\/v2\/types\/page"}],"author":[{"embeddable":true,"href":"https:\/\/mycologiebotaniquesaintpierredechandieu.fr\/index.php\/wp-json\/wp\/v2\/users\/1"}],"replies":[{"embeddable":true,"href":"https:\/\/mycologiebotaniquesaintpierredechandieu.fr\/index.php\/wp-json\/wp\/v2\/comments?post=117"}],"version-history":[{"count":45,"href":"https:\/\/mycologiebotaniquesaintpierredechandieu.fr\/index.php\/wp-json\/wp\/v2\/pages\/117\/revisions"}],"predecessor-version":[{"id":650,"href":"https:\/\/mycologiebotaniquesaintpierredechandieu.fr\/index.php\/wp-json\/wp\/v2\/pages\/117\/revisions\/650"}],"up":[{"embeddable":true,"href":"https:\/\/mycologiebotaniquesaintpierredechandieu.fr\/index.php\/wp-json\/wp\/v2\/pages\/33"}],"wp:attachment":[{"href":"https:\/\/mycologiebotaniquesaintpierredechandieu.fr\/index.php\/wp-json\/wp\/v2\/media?parent=117"}],"curies":[{"name":"wp","href":"https:\/\/api.w.org\/{rel}","templated":true}]}}