{"id":33,"date":"2021-05-04T21:18:06","date_gmt":"2021-05-04T19:18:06","guid":{"rendered":"http:\/\/mycologiebotaniquesaintpierredechandieu.fr\/?page_id=33"},"modified":"2022-04-04T19:50:02","modified_gmt":"2022-04-04T17:50:02","slug":"groupe-mycologique-de-saint-pierre-de-chandieu","status":"publish","type":"page","link":"https:\/\/mycologiebotaniquesaintpierredechandieu.fr\/","title":{"rendered":"Groupe mycologique et Botanique de Saint Pierre de Chandieu"},"content":{"rendered":"\n<p>Le Groupe Mycologique et Botanique de Saint Pierre de Chandieu est une association pour l&rsquo;apprentissage et la reconnaissance des champignons.et des plantes<\/p>\n\n\n\n<p>Elle offre la possibilit\u00e9 aux d\u00e9butants d&rsquo;appr\u00e9hender le monde mycologique et de d\u00e9couvrir le plaisir des promenades en pleine nature, savoir ramasser, reconnaitre, trier des champignons dans le respect de la nature. Il permet \u00e9galement de faire des sorties sur des th\u00e8mes de botanique et, pareillement, de profiter du grand air.<\/p>\n\n\n\n<p>Elle offre aussi aux champignonneurs la possibilit\u00e9 d&rsquo;approfondir leurs connaissances par des cours et des exercices d&rsquo;identifications&nbsp;pratiques<\/p>\n\n\n\n<p>C&rsquo;est une activit\u00e9 \u00e0 la fois th\u00e9orique par des cours formels, des travaux pratiques d&rsquo;identifications partag\u00e9es et des sorties en pleine nature.<\/p>\n\n\n\n<p>L&rsquo;association est aussi un lieu de rencontre et d&rsquo;\u00e9changes entre nous, tous des passionn\u00e9s par la mycologie et le plaisir de la cueillette (avec grande mod\u00e9ration pour respecter cette nature !)<\/p>\n\n\n\n<p>La vie associative est aussi joyeuse autours d&rsquo;\u00e9v\u00e8nements plus festifs de partages entre nous.<\/p>\n\n\n\n<p>C&rsquo;est une fa\u00e7ons pour nous tous de parfaire nos connaissances, d&rsquo;\u00e9changer \/ partager ensemble, de faire des sorties sur des th\u00e8mes mycologiques et partager le plaisir de parcourir la nature ensemble.<\/p>\n\n\n\n<p>Enfin, nous participons aussi aux \u00e9v\u00e8nements organis\u00e9s par la commune de Saint Pierre de Chandieu qui nous h\u00e9berge&nbsp;au mieux que nous pouvons : participation aux op\u00e9rations de ramassage de printemps, soutien pour le carnaval de Saint Pierre, &#8230;.<\/p>\n\n\n\n<figure class=\"wp-block-image alignwide size-large\"><img loading=\"lazy\" decoding=\"async\" width=\"1024\" height=\"523\" src=\"https:\/\/mycologiebotaniquesaintpierredechandieu.fr\/wp-content\/uploads\/2021\/06\/entete-botanique-1024x523.jpg\" alt=\"\" class=\"wp-image-278\" srcset=\"https:\/\/mycologiebotaniquesaintpierredechandieu.fr\/wp-content\/uploads\/2021\/06\/entete-botanique-1024x523.jpg 1024w, https:\/\/mycologiebotaniquesaintpierredechandieu.fr\/wp-content\/uploads\/2021\/06\/entete-botanique-300x153.jpg 300w, https:\/\/mycologiebotaniquesaintpierredechandieu.fr\/wp-content\/uploads\/2021\/06\/entete-botanique-768x393.jpg 768w, https:\/\/mycologiebotaniquesaintpierredechandieu.fr\/wp-content\/uploads\/2021\/06\/entete-botanique-421x215.jpg 421w, https:\/\/mycologiebotaniquesaintpierredechandieu.fr\/wp-content\/uploads\/2021\/06\/entete-botanique.jpg 1158w\" sizes=\"auto, (max-width: 1024px) 100vw, 1024px\" \/><\/figure>\n\n\n\n<p><\/p>\n","protected":false},"excerpt":{"rendered":"<p>Le Groupe Mycologique et Botanique de Saint Pierre de Chandieu est une association pour l&rsquo;apprentissage et la reconnaissance des champignons.et des plantes Elle offre la possibilit\u00e9 aux d\u00e9butants d&rsquo;appr\u00e9hender le monde mycologique et de d\u00e9couvrir le plaisir des promenades &hellip;<\/p>\n","protected":false},"author":1,"featured_media":23,"parent":0,"menu_order":0,"comment_status":"open","ping_status":"closed","template":"","meta":{"footnotes":""},"class_list":["post-33","page","type-page","status-publish","has-post-thumbnail","hentry"],"_links":{"self":[{"href":"https:\/\/mycologiebotaniquesaintpierredechandieu.fr\/index.php\/wp-json\/wp\/v2\/pages\/33","targetHints":{"allow":["GET"]}}],"collection":[{"href":"https:\/\/mycologiebotaniquesaintpierredechandieu.fr\/index.php\/wp-json\/wp\/v2\/pages"}],"about":[{"href":"https:\/\/mycologiebotaniquesaintpierredechandieu.fr\/index.php\/wp-json\/wp\/v2\/types\/page"}],"author":[{"embeddable":true,"href":"https:\/\/mycologiebotaniquesaintpierredechandieu.fr\/index.php\/wp-json\/wp\/v2\/users\/1"}],"replies":[{"embeddable":true,"href":"https:\/\/mycologiebotaniquesaintpierredechandieu.fr\/index.php\/wp-json\/wp\/v2\/comments?post=33"}],"version-history":[{"count":7,"href":"https:\/\/mycologiebotaniquesaintpierredechandieu.fr\/index.php\/wp-json\/wp\/v2\/pages\/33\/revisions"}],"predecessor-version":[{"id":453,"href":"https:\/\/mycologiebotaniquesaintpierredechandieu.fr\/index.php\/wp-json\/wp\/v2\/pages\/33\/revisions\/453"}],"wp:featuredmedia":[{"embeddable":true,"href":"https:\/\/mycologiebotaniquesaintpierredechandieu.fr\/index.php\/wp-json\/wp\/v2\/media\/23"}],"wp:attachment":[{"href":"https:\/\/mycologiebotaniquesaintpierredechandieu.fr\/index.php\/wp-json\/wp\/v2\/media?parent=33"}],"curies":[{"name":"wp","href":"https:\/\/api.w.org\/{rel}","templated":true}]}}