{"id":43,"date":"2021-05-04T21:01:34","date_gmt":"2021-05-04T19:01:34","guid":{"rendered":"http:\/\/mycologiebotaniquesaintpierredechandieu.fr\/?page_id=43"},"modified":"2022-06-13T19:47:57","modified_gmt":"2022-06-13T17:47:57","slug":"la-vie-de-lassociation","status":"publish","type":"page","link":"https:\/\/mycologiebotaniquesaintpierredechandieu.fr\/index.php\/groupe-mycologique-de-saint-pierre-de-chandieu\/la-vie-de-lassociation\/","title":{"rendered":"La vie de l&rsquo;association"},"content":{"rendered":"\n<p>Des cours de mycologie, des cours de botaniques, des sorties, des cas concrets de d\u00e9terminations,  &#8230; L&rsquo;activit\u00e9 d\u00e9marre de d\u00e9but septembre jusqu&rsquo;\u00e0 fin Juin avec plusieurs temps forts : <\/p>\n\n\n\n<p>Pour la mycologie, <\/p>\n\n\n\n<p>la p\u00e9riode d&rsquo;automne de septembre \u00e0 la fin d&rsquo;ann\u00e9e est ax\u00e9e sur la d\u00e9termination des esp\u00e8ces ramass\u00e9es durant la semaine. Cette d\u00e9termination se fait selon les champignons trouv\u00e9s. L&rsquo;activit\u00e9 de d\u00e9termination est donc saisonni\u00e8re. <\/p>\n\n\n\n<p>De Janvier \u00e0 fin Juin, le club dispense des cours th\u00e9orique de connaissance des diff\u00e9rentes familles de champignons et d&rsquo;apprentissage \u00e0 l&rsquo;usage d&rsquo;outils de reconnaissance des esp\u00e8ces. Ce sont ces outils qui sont ensuite utilis\u00e9s pour la d\u00e9termination des champignons.<\/p>\n\n\n\n<p>Les cours de Mycologie sont dispens\u00e9s chaque lundi de 20h \u00e0 21h30, salle de l&rsquo;espace Savatier \u00e0 Saint Pierre de Chandieu.<\/p>\n\n\n\n<p>En parall\u00e8le, diff\u00e9rentes sorties soit \u00e0 la journ\u00e9e, soit en week-end sont organis\u00e9es tout au long de l&rsquo;ann\u00e9e.<\/p>\n\n\n\n<p>Pour la botanique,<\/p>\n\n\n\n<p>L&rsquo;organisation est diff\u00e9rente car la p\u00e9riode de d\u00e9termination est beaucoup plus large si l&rsquo;on veut voir les plantes dans leurs diff\u00e9rentes phases de leur d\u00e9veloppement. Les cours de Botaniques sont dispens\u00e9s chaque lundi de 19h \u00e0 20h, salle de l&rsquo;espace Savatier \u00e0 Saint Pierre de Chandieu.<\/p>\n\n\n\n<figure class=\"wp-block-image size-large\"><img loading=\"lazy\" decoding=\"async\" width=\"703\" height=\"524\" src=\"https:\/\/mycologiebotaniquesaintpierredechandieu.fr\/wp-content\/uploads\/2021\/05\/des-cours-de-mycologie.jpg\" alt=\"\" class=\"wp-image-63\" srcset=\"https:\/\/mycologiebotaniquesaintpierredechandieu.fr\/wp-content\/uploads\/2021\/05\/des-cours-de-mycologie.jpg 703w, https:\/\/mycologiebotaniquesaintpierredechandieu.fr\/wp-content\/uploads\/2021\/05\/des-cours-de-mycologie-300x224.jpg 300w\" sizes=\"auto, (max-width: 703px) 100vw, 703px\" \/><\/figure>\n\n\n\n<figure class=\"wp-block-image size-large\"><img loading=\"lazy\" decoding=\"async\" width=\"712\" height=\"518\" src=\"https:\/\/mycologiebotaniquesaintpierredechandieu.fr\/wp-content\/uploads\/2021\/05\/des-soirees-de-determinations_1.jpg\" alt=\"\" class=\"wp-image-64\" srcset=\"https:\/\/mycologiebotaniquesaintpierredechandieu.fr\/wp-content\/uploads\/2021\/05\/des-soirees-de-determinations_1.jpg 712w, https:\/\/mycologiebotaniquesaintpierredechandieu.fr\/wp-content\/uploads\/2021\/05\/des-soirees-de-determinations_1-300x218.jpg 300w\" sizes=\"auto, (max-width: 712px) 100vw, 712px\" \/><\/figure>\n\n\n\n<figure class=\"wp-block-image size-large\"><img loading=\"lazy\" decoding=\"async\" width=\"703\" height=\"526\" src=\"https:\/\/mycologiebotaniquesaintpierredechandieu.fr\/wp-content\/uploads\/2021\/05\/des-soirees-de-determinations_2.jpg\" alt=\"\" class=\"wp-image-65\" srcset=\"https:\/\/mycologiebotaniquesaintpierredechandieu.fr\/wp-content\/uploads\/2021\/05\/des-soirees-de-determinations_2.jpg 703w, https:\/\/mycologiebotaniquesaintpierredechandieu.fr\/wp-content\/uploads\/2021\/05\/des-soirees-de-determinations_2-300x224.jpg 300w\" sizes=\"auto, (max-width: 703px) 100vw, 703px\" \/><\/figure>\n\n\n\n<figure class=\"wp-block-image size-large\"><img loading=\"lazy\" decoding=\"async\" width=\"991\" height=\"744\" src=\"https:\/\/mycologiebotaniquesaintpierredechandieu.fr\/wp-content\/uploads\/2021\/05\/des-sorties-dans-la-nature.jpg\" alt=\"\" class=\"wp-image-66\" srcset=\"https:\/\/mycologiebotaniquesaintpierredechandieu.fr\/wp-content\/uploads\/2021\/05\/des-sorties-dans-la-nature.jpg 991w, https:\/\/mycologiebotaniquesaintpierredechandieu.fr\/wp-content\/uploads\/2021\/05\/des-sorties-dans-la-nature-300x225.jpg 300w, https:\/\/mycologiebotaniquesaintpierredechandieu.fr\/wp-content\/uploads\/2021\/05\/des-sorties-dans-la-nature-768x577.jpg 768w\" sizes=\"auto, (max-width: 991px) 100vw, 991px\" \/><\/figure>\n\n\n\n<figure class=\"wp-block-image size-large\"><img loading=\"lazy\" decoding=\"async\" width=\"705\" height=\"524\" src=\"https:\/\/mycologiebotaniquesaintpierredechandieu.fr\/wp-content\/uploads\/2021\/05\/visite-du-marche-de-la-Truffe.jpg\" alt=\"\" class=\"wp-image-67\" srcset=\"https:\/\/mycologiebotaniquesaintpierredechandieu.fr\/wp-content\/uploads\/2021\/05\/visite-du-marche-de-la-Truffe.jpg 705w, https:\/\/mycologiebotaniquesaintpierredechandieu.fr\/wp-content\/uploads\/2021\/05\/visite-du-marche-de-la-Truffe-300x223.jpg 300w\" sizes=\"auto, (max-width: 705px) 100vw, 705px\" \/><\/figure>\n\n\n\n<figure class=\"wp-block-image size-large\"><img loading=\"lazy\" decoding=\"async\" width=\"711\" height=\"535\" src=\"https:\/\/mycologiebotaniquesaintpierredechandieu.fr\/wp-content\/uploads\/2021\/05\/nettoyage-de-printemps.jpg\" alt=\"\" class=\"wp-image-68\" srcset=\"https:\/\/mycologiebotaniquesaintpierredechandieu.fr\/wp-content\/uploads\/2021\/05\/nettoyage-de-printemps.jpg 711w, https:\/\/mycologiebotaniquesaintpierredechandieu.fr\/wp-content\/uploads\/2021\/05\/nettoyage-de-printemps-300x226.jpg 300w\" sizes=\"auto, (max-width: 711px) 100vw, 711px\" \/><\/figure>\n\n\n\n<figure class=\"wp-block-image size-large\"><img loading=\"lazy\" decoding=\"async\" width=\"704\" height=\"512\" src=\"https:\/\/mycologiebotaniquesaintpierredechandieu.fr\/wp-content\/uploads\/2021\/05\/ladministration-de-lassociation.jpg\" alt=\"\" class=\"wp-image-69\" srcset=\"https:\/\/mycologiebotaniquesaintpierredechandieu.fr\/wp-content\/uploads\/2021\/05\/ladministration-de-lassociation.jpg 704w, https:\/\/mycologiebotaniquesaintpierredechandieu.fr\/wp-content\/uploads\/2021\/05\/ladministration-de-lassociation-300x218.jpg 300w\" sizes=\"auto, (max-width: 704px) 100vw, 704px\" \/><\/figure>\n","protected":false},"excerpt":{"rendered":"<p>Des cours de mycologie, des cours de botaniques, des sorties, des cas concrets de d\u00e9terminations, &#8230; L&rsquo;activit\u00e9 d\u00e9marre de d\u00e9but septembre jusqu&rsquo;\u00e0 fin Juin avec plusieurs temps forts : Pour la mycologie, la p\u00e9riode d&rsquo;automne de septembre \u00e0 la &hellip;<\/p>\n","protected":false},"author":1,"featured_media":0,"parent":33,"menu_order":1,"comment_status":"closed","ping_status":"closed","template":"","meta":{"footnotes":""},"class_list":["post-43","page","type-page","status-publish","hentry"],"_links":{"self":[{"href":"https:\/\/mycologiebotaniquesaintpierredechandieu.fr\/index.php\/wp-json\/wp\/v2\/pages\/43","targetHints":{"allow":["GET"]}}],"collection":[{"href":"https:\/\/mycologiebotaniquesaintpierredechandieu.fr\/index.php\/wp-json\/wp\/v2\/pages"}],"about":[{"href":"https:\/\/mycologiebotaniquesaintpierredechandieu.fr\/index.php\/wp-json\/wp\/v2\/types\/page"}],"author":[{"embeddable":true,"href":"https:\/\/mycologiebotaniquesaintpierredechandieu.fr\/index.php\/wp-json\/wp\/v2\/users\/1"}],"replies":[{"embeddable":true,"href":"https:\/\/mycologiebotaniquesaintpierredechandieu.fr\/index.php\/wp-json\/wp\/v2\/comments?post=43"}],"version-history":[{"count":6,"href":"https:\/\/mycologiebotaniquesaintpierredechandieu.fr\/index.php\/wp-json\/wp\/v2\/pages\/43\/revisions"}],"predecessor-version":[{"id":548,"href":"https:\/\/mycologiebotaniquesaintpierredechandieu.fr\/index.php\/wp-json\/wp\/v2\/pages\/43\/revisions\/548"}],"up":[{"embeddable":true,"href":"https:\/\/mycologiebotaniquesaintpierredechandieu.fr\/index.php\/wp-json\/wp\/v2\/pages\/33"}],"wp:attachment":[{"href":"https:\/\/mycologiebotaniquesaintpierredechandieu.fr\/index.php\/wp-json\/wp\/v2\/media?parent=43"}],"curies":[{"name":"wp","href":"https:\/\/api.w.org\/{rel}","templated":true}]}}